{"id":709,"date":"2022-01-10T15:05:26","date_gmt":"2022-01-10T20:05:26","guid":{"rendered":"https:\/\/www.cabometyxcanada.ca\/privacy-policy\/"},"modified":"2025-11-20T08:48:38","modified_gmt":"2025-11-20T13:48:38","slug":"privacy-policy","status":"publish","type":"page","link":"https:\/\/www.cabometyxcanada.ca\/fr\/privacy-policy\/","title":{"rendered":"Politique de confidentialit\u00e9"},"content":{"rendered":"<p><span style=\"font-weight: 400;\">Ipsen Biopharmaceuticals Canada Inc. et ses soci\u00e9t\u00e9s affili\u00e9es (ci-apr\u00e8s, collectivement, \u00ab\u00a0Ipsen\u00a0\u00bb ou \u00ab\u00a0nous\u00a0\u00bb) attachent une grande importance \u00e0 la protection de tout renseignement personnel que vous pourriez nous fournir.<\/span><\/p>\n<p><span style=\"font-weight: 400;\">La pr\u00e9sente politique sur la protection des renseignements personnels d\u00e9crit les fa\u00e7ons dont les renseignements personnels concernant les individus (les \u00ab\u00a0utilisateurs\u00a0\u00bb) qui utilisent ce site Web (le \u00ab\u00a0site Web\u00a0\u00bb) peuvent \u00eatre recueillis, conserv\u00e9s et utilis\u00e9s par Ipsen, le responsable du traitement. En utilisant ce site Web ou en nous fournissant autrement vos renseignements personnels, vous nous autorisez \u00e0 recueillir, \u00e0 utiliser et \u00e0 divulguer vos renseignements personnels selon les modalit\u00e9s pr\u00e9vues dans la pr\u00e9sente politique sur la protection des renseignements personnels. Si vous n\u2019acceptez pas une partie de la pr\u00e9sente politique sur la protection des renseignements personnels, vous devez vous abstenir d\u2019acc\u00e9der au site Web ou de l\u2019utiliser et de nous fournir vos renseignements personnels.<\/span><\/p>\n<p><span style=\"font-weight: 400;\">LA PR\u00c9SENTE POLITIQUE SUR LA PROTECTION DES RENSEIGNEMENTS PERSONNELS PEUT P\u00c9RIODIQUEMENT CHANGER, \u00caTRE MODIFI\u00c9E OU \u00caTRE AUTREMENT MISE \u00c0 JOUR SANS PR\u00c9AVIS. Toutefois, vos renseignements personnels (terme d\u00e9fini ci-dessous) seront toujours trait\u00e9s conform\u00e9ment \u00e0 la politique sur la protection des renseignements personnels qui \u00e9tait en vigueur au moment o\u00f9 ils ont \u00e9t\u00e9 recueillis.<\/span><\/p>\n<p>&nbsp;<\/p>\n<p><b>1. D\u00e9finition de \u00ab renseignements personnels \u00bb :<\/b><\/p>\n<p><span style=\"font-weight: 400;\">Par \u00ab\u00a0renseignements personnels\u00a0\u00bb, on entend tout renseignement factuel ou subjectif concernant une personne identifiable. Ces renseignements comprennent notamment le nom, l\u2019adresse postale, le num\u00e9ro de t\u00e9l\u00e9phone, la date de naissance, l\u2019adresse \u00e9lectronique et d\u2019autres identifiants permettant d\u2019identifier un individu donn\u00e9. Ils comprennent \u00e9galement les renseignements sur la sant\u00e9 d\u2019un individu.<\/span><\/p>\n<p><span style=\"font-weight: 400;\">Cette politique sur la protection des renseignements personnels n\u2019est pas destin\u00e9e \u00e0 s\u2019appliquer \u00e0 d\u2019autres renseignements que les renseignements personnels, par exemple, les renseignements commerciaux ou anonymes.<\/span><\/p>\n<p><b>2. Renseignements personnels recueillis :<\/b><\/p>\n<p><span style=\"font-weight: 400;\">Nous pouvons recueillir les renseignements personnels que vous fournissez lorsque vous utilisez des outils que nous proposons sur le site Web ou lorsque vous communiquez avec nous pour nous poser une question ou pour nous transmettre vos commentaires ou une demande, ou si vous choisissez autrement de nous fournir vos renseignements personnels.\u00a0<\/span><\/p>\n<p><span style=\"font-weight: 400;\">Lorsque vous utilisez ce site Web ou y acc\u00e9dez, nous recueillons des renseignements \u00e0 l\u2019aide de t\u00e9moins (<\/span><i><span style=\"font-weight: 400;\">cookies<\/span><\/i><span style=\"font-weight: 400;\">) et d\u2019autres technologies qui peuvent comprendre des renseignements concernant votre g\u00e9olocalisation, votre activit\u00e9, votre historique de navigation et d\u2019autres donn\u00e9es disponibles par l\u2019acc\u00e8s au site Web.<\/span><\/p>\n<p><b>3. Utilisation des renseignements personnels :<\/b><\/p>\n<p><span style=\"font-weight: 400;\">Vos renseignements personnels ne seront trait\u00e9s que par nous ou par nos soci\u00e9t\u00e9s affili\u00e9es, partenaires et prestataires de services aux seules fins des int\u00e9r\u00eats l\u00e9gitimes que nous poursuivons, c\u2019est-\u00e0-dire avoir une meilleure interaction avec vous, vous fournir les services ou l\u2019information que vous demandez et vous offrir une meilleure exp\u00e9rience du site Web, dans la mesure permise par les lois applicables. Nous nous conformerons \u00e0 l\u2019ensemble des lois et des r\u00e8glements applicables en mati\u00e8re de protection des donn\u00e9es, y compris la Loi sur la protection des renseignements personnels et les documents \u00e9lectroniques du Canada.<\/span><\/p>\n<p><span style=\"font-weight: 400;\">Vos renseignements personnels ne seront pas vendus, partag\u00e9s ou autrement distribu\u00e9s \u00e0 des tiers sans votre consentement, sauf si nous sommes tenus de le faire par une loi applicable, une ordonnance judiciaire ou une r\u00e9glementation gouvernementale, ou si une telle divulgation est autrement n\u00e9cessaire \u00e0 l\u2019appui de toute enqu\u00eate ou proc\u00e9dure judiciaire ou criminelle ici ou \u00e0 l\u2019\u00e9tranger.<\/span><\/p>\n<p><span style=\"font-weight: 400;\">Vos renseignements personnels peuvent \u00eatre trait\u00e9s ou conserv\u00e9s par Ipsen ou par nos soci\u00e9t\u00e9s affili\u00e9es \u00e0 l\u2019ext\u00e9rieur du Canada, dans un pays o\u00f9 la l\u00e9gislation en mati\u00e8re de protection de la vie priv\u00e9e peut \u00eatre diff\u00e9rente. Nous mettrons en \u0153uvre des mesures appropri\u00e9es pour prot\u00e9ger vos renseignements personnels conform\u00e9ment \u00e0 la l\u00e9gislation applicable en mati\u00e8re de protection des donn\u00e9es et de la vie priv\u00e9e.<\/span><\/p>\n<p><b>4. Comment nous utilisons les t\u00e9moins :<\/b><\/p>\n<p><span style=\"font-weight: 400;\">Nous recueillons des renseignements lorsque vous visitez ce site Web, qui utilise des fonctionnalit\u00e9s d\u2019analyse anonyme, et notamment des t\u00e9moins g\u00e9n\u00e9r\u00e9s par le service Google Analytics. Les t\u00e9moins sont des petits fichiers de donn\u00e9es qui sont plac\u00e9s dans votre ordinateur, votre t\u00e9l\u00e9phone intelligent ou un autre appareil. Les t\u00e9moins sont enregistr\u00e9s sur le disque dur de votre appareil, mais ne risquent aucunement de l\u2019endommager. En acc\u00e9dant au site Web, vous nous autorisez \u00e0 utiliser des t\u00e9moins sur votre appareil.<\/span><\/p>\n<p><span style=\"font-weight: 400;\">Les t\u00e9moins nous permettent de recueillir automatiquement certaines donn\u00e9es de l\u2019utilisateur pendant son utilisation du site Web, et notamment les suivantes :<\/span><\/p>\n<ul>\n<li style=\"font-weight: 400;\" aria-level=\"1\"><span style=\"font-weight: 400;\">L\u2019adresse IP de l\u2019utilisateur (cette adresse, qui permet d\u2019acc\u00e9der \u00e0 Internet, est attribu\u00e9e \u00e0 l\u2019appareil de l\u2019utilisateur par le fournisseur de services Internet et l\u2019information, qui change \u00e0 chaque session ouverte par l\u2019utilisateur, est anonyme);<\/span><\/li>\n<li style=\"font-weight: 400;\" aria-level=\"1\"><span style=\"font-weight: 400;\">La date et l\u2019heure de la visite de l\u2019utilisateur sur le site Web;<\/span><\/li>\n<li style=\"font-weight: 400;\" aria-level=\"1\"><span style=\"font-weight: 400;\">Le syst\u00e8me d\u2019exploitation de l\u2019appareil de l\u2019utilisateur et le navigateur utilis\u00e9;<\/span><\/li>\n<li style=\"font-weight: 400;\" aria-level=\"1\"><span style=\"font-weight: 400;\">La fa\u00e7on dont l\u2019utilisateur acc\u00e8de au site Web.<\/span><\/li>\n<\/ul>\n<p><span style=\"font-weight: 400;\">Le site Web a recours \u00e0 plusieurs types de t\u00e9moins :<\/span><\/p>\n<p><b>T\u00e9moins strictement n\u00e9cessaires :<\/b><span style=\"font-weight: 400;\"> Ces t\u00e9moins sont essentiels pour vous permettre de vous d\u00e9placer en toute s\u00e9curit\u00e9 \u00e0 l\u2019int\u00e9rieur du site Web et pour utiliser ses fonctionnalit\u00e9s.<\/span><\/p>\n<p><b>T\u00e9moins de performance :<\/b><span style=\"font-weight: 400;\"> Ces t\u00e9moins recueillent de l\u2019information destin\u00e9e \u00e0 l\u2019analyse sur la fa\u00e7on dont les visiteurs utilisent le site Web, par exemple, quelles pages ils consultent le plus fr\u00e9quemment et les messages d\u2019erreur, le cas \u00e9ch\u00e9ant, qu\u2019ils re\u00e7oivent du site Web. Les t\u00e9moins \u00e0 fonction analytique g\u00e9n\u00e9r\u00e9s par Google Analytics appartiennent \u00e0 cette cat\u00e9gorie.<\/span><\/p>\n<p><b>Les t\u00e9moins publicitaires<\/b><span style=\"font-weight: 400;\"> sont utilis\u00e9s pour vous offrir des publicit\u00e9s en ligne adapt\u00e9es \u00e0 vos int\u00e9r\u00eats. Ces t\u00e9moins recueillent des donn\u00e9es sur votre activit\u00e9 en ligne et permettent l\u2019affichage de publicit\u00e9s qui sont susceptibles de vous int\u00e9resser. Ils enregistrent \u00e9galement les publicit\u00e9s que vous avez vues et si vous avez interagi avec cette publicit\u00e9. Ces t\u00e9moins aident \u00e0 faire en sorte que les publicit\u00e9s que vous voyez pr\u00e9sentent un int\u00e9r\u00eat pour vous et ne soient pas r\u00e9p\u00e9titives.\u00a0<\/span><\/p>\n<p><span style=\"font-weight: 400;\">Les t\u00e9moins de ce type ne recueillent pas de renseignements permettant d\u2019identifier directement les utilisateurs, mais utilisent plut\u00f4t des chiffres et des codes. Ces renseignements sont utilis\u00e9s pour administrer le site Web, am\u00e9liorer l\u2019exp\u00e9rience utilisateur et obtenir des statistiques g\u00e9n\u00e9rales sur votre utilisation du site Web. Ces statistiques peuvent \u00eatre pr\u00e9par\u00e9es par des tiers, qui sont tenus \u00e0 une obligation de confidentialit\u00e9. L\u2019information n\u2019est pas utilis\u00e9e pour cr\u00e9er des profils d\u2019utilisateurs ou pour offrir de la publicit\u00e9 cibl\u00e9e, <\/span><i><span style=\"font-weight: 400;\">sauf si vous avez consenti \u00e0 un tel usage. <\/span><\/i><span style=\"font-weight: 400;\">Nous ne conserverons pas l\u2019information recueillie (c.-\u00e0-d. l\u2019identifiant du t\u00e9moin) pendant plus de quatorze\u00a0(14)\u00a0mois.<\/span><\/p>\n<p><span style=\"font-weight: 400;\">Si vous ne voulez pas recevoir de t\u00e9moins, vous pouvez modifier les param\u00e8tres de votre navigateur afin qu\u2019il vous avise d\u00e8s que vous en recevez un, ou encore de fa\u00e7on \u00e0 refuser tous les t\u00e9moins. Vous pouvez aussi supprimer tous les t\u00e9moins qui ont d\u00e9j\u00e0 \u00e9t\u00e9 enregistr\u00e9s, ce qui pourrait toutefois alt\u00e9rer la fonctionnalit\u00e9 du site Web.\u00a0<\/span><\/p>\n<p><span style=\"font-weight: 400;\">Si vous souhaitez limiter ou bloquer les t\u00e9moins de navigateur Web qui sont enregistr\u00e9s sur votre appareil, vous pouvez modifier les param\u00e8tres de votre navigateur; pour savoir comment proc\u00e9der, utilisez la fonction Aide de celui-ci. Ou encore, vous pouvez consulter le site <\/span><a class=\"text-secondary\" href=\"http:\/\/www.aboutcookies.org\" target=\"_blank\" rel=\"noopener\"><span style=\"font-weight: 400;\">www.aboutcookies.org<\/span><\/a><span style=\"font-weight: 400;\"> (disponible en anglais seulement), o\u00f9 vous trouverez des renseignements d\u00e9taill\u00e9s sur la fa\u00e7on de proc\u00e9der pour un large \u00e9ventail de navigateurs. Toutefois, il faut souligner que le fait de modifier les param\u00e8tres d\u2019un navigateur de fa\u00e7on \u00e0 limiter ou \u00e0 bloquer la r\u00e9ception de t\u00e9moins peut nuire \u00e0 votre exp\u00e9rience de navigation sur ce site Web.<\/span><\/p>\n<p><span style=\"font-weight: 400;\">Pour en savoir plus sur la fa\u00e7on dont Google Analytics utilise les donn\u00e9es, veuillez consulter la page \u00ab\u00a0Comment Google utilise les donn\u00e9es provenant de sites ou d\u2019applications qui utilisent ses services\u00a0\u00bb accessible au <\/span><a class=\"text-secondary\" href=\"https:\/\/policies.google.com\/technologies\/partner-sites?hl=fr-CA\" target=\"_blank\" rel=\"noopener\"><span style=\"font-weight: 400;\">https:\/\/policies.google.com\/technologies\/partner-sites?hl=fr-CA<\/span><\/a><span style=\"font-weight: 400;\">.<\/span><\/p>\n<p><b>5. Dur\u00e9e de conservation<\/b><\/p>\n<p><span style=\"font-weight: 400;\">Vos renseignements personnels sont trait\u00e9s et conserv\u00e9s pendant une p\u00e9riode maximale de trois\u00a0(3)\u00a0ans \u00e0 compter de la date du plus r\u00e9cent des \u00e9v\u00e9nements suivants : (i) leur collecte ou (ii) le dernier contact que nous avons avec vous.<\/span><\/p>\n<p><b>6. S\u00e9curit\u00e9<\/b><\/p>\n<p><span style=\"font-weight: 400;\">Nous utilisons des m\u00e9thodes raisonnables sur le plan commercial et conformes aux pratiques du secteur pour pr\u00e9venir l\u2019acc\u00e8s, l\u2019utilisation et la divulgation sans autorisation, pour maintenir l\u2019exactitude des donn\u00e9es et pour assurer l\u2019utilisation appropri\u00e9e de vos renseignements personnels.<\/span><\/p>\n<p><span style=\"font-weight: 400;\">M\u00eame si nous mettons tout en \u0153uvre pour prot\u00e9ger vos renseignements personnels, nous ne pouvons garantir la s\u00e9curit\u00e9 des renseignements que vous nous transmettez. Nous vous recommandons de prendre toutes les pr\u00e9cautions possibles pour prot\u00e9ger vos renseignements personnels.<\/span><\/p>\n<p><b>7. Vos droits<\/b><\/p>\n<p><span style=\"font-weight: 400;\">Vous avez le droit de consulter et de faire rectifier les renseignements personnels vous concernant que nous traitons. Vous avez \u00e9galement le droit de retirer votre consentement \u00e0 l\u2019utilisation et \u00e0 la divulgation de vos renseignements personnels dans la mesure o\u00f9 aucune exigence l\u00e9gale ou contractuelle ne nous contraint \u00e0 traiter vos renseignements. Lorsque vous avez retir\u00e9 votre consentement, nous pouvons continuer \u00e0 conserver vos renseignements, mais ne pouvons plus les utiliser. Cependant, dans certaines circonstances, le retrait de votre consentement pourrait vous emp\u00eacher de continuer \u00e0 utiliser le site Web ou \u00e0 y acc\u00e9der. Si vous souhaitez communiquer avec nous au sujet de notre utilisation de vos renseignements personnels ou exercer l\u2019un ou l\u2019autre de vos droits concernant vos renseignements personnels, veuillez le faire en utilisant la m\u00e9thode d\u00e9crite dans la section Communiquer avec nous.\u00a0<\/span><\/p>\n<p><b>8. Communiquer avec nous<\/b><\/p>\n<p><span style=\"font-weight: 400;\">Pour nous transmettre toute question ou tout commentaire au sujet de la pr\u00e9sente politique sur la protection des renseignements personnels, ou pour en savoir plus sur nos modalit\u00e9s de traitement des renseignements personnels, veuillez communiquer par \u00e9crit avec notre responsable de la protection des renseignements personnels \u00e0 <\/span><a class=\"text-secondary\" href=\"mailto:dataprivacy@ipsen.com\"><span style=\"font-weight: 400;\">dataprivacy@ipsen.com<\/span><\/a><span style=\"font-weight: 400;\">.<\/span><\/p>\n<p><span style=\"font-weight: 400;\">Date de la derni\u00e8re r\u00e9vision de cette politique sur la protection des renseignements personnels : 21\u00a0octobre 2020.<\/span><\/p>\n","protected":false},"excerpt":{"rendered":"<p>Ipsen Biopharmaceuticals Canada Inc. et ses soci\u00e9t\u00e9s affili\u00e9es (ci-apr\u00e8s, collectivement, \u00ab\u00a0Ipsen\u00a0\u00bb ou \u00ab\u00a0nous\u00a0\u00bb) attachent une grande importance \u00e0 la protection de tout renseignement personnel que vous pourriez nous fournir. La pr\u00e9sente politique sur la protection des renseignements personnels d\u00e9crit les fa\u00e7ons dont les renseignements personnels concernant les individus (les \u00ab\u00a0utilisateurs\u00a0\u00bb) qui utilisent ce site Web [&hellip;]<\/p>\n","protected":false},"author":1,"featured_media":0,"parent":0,"menu_order":0,"comment_status":"closed","ping_status":"closed","template":"","meta":{"_acf_changed":false,"footnotes":""},"class_list":["post-709","page","type-page","status-publish","hentry"],"acf":[],"yoast_head":"<!-- This site is optimized with the Yoast SEO Premium plugin v23.9 (Yoast SEO v27.0) - https:\/\/yoast.com\/product\/yoast-seo-premium-wordpress\/ -->\n<title>Politique de confidentialit\u00e9 | CABOMETYX\u00ae<\/title>\n<meta name=\"robots\" content=\"index, follow, max-snippet:-1, max-image-preview:large, max-video-preview:-1\" \/>\n<link rel=\"canonical\" href=\"https:\/\/www.cabometyxcanada.ca\/fr\/privacy-policy\/\" \/>\n<meta property=\"og:locale\" content=\"fr_FR\" \/>\n<meta property=\"og:type\" content=\"article\" \/>\n<meta property=\"og:title\" content=\"Politique de confidentialit\u00e9\" \/>\n<meta property=\"og:description\" content=\"Ipsen Biopharmaceuticals Canada Inc. et ses soci\u00e9t\u00e9s affili\u00e9es (ci-apr\u00e8s, collectivement, \u00ab\u00a0Ipsen\u00a0\u00bb ou \u00ab\u00a0nous\u00a0\u00bb) attachent une grande importance \u00e0 la protection de tout renseignement personnel que vous pourriez nous fournir. La pr\u00e9sente politique sur la protection des renseignements personnels d\u00e9crit les fa\u00e7ons dont les renseignements personnels concernant les individus (les \u00ab\u00a0utilisateurs\u00a0\u00bb) qui utilisent ce site Web [&hellip;]\" \/>\n<meta property=\"og:url\" content=\"https:\/\/www.cabometyxcanada.ca\/fr\/privacy-policy\/\" \/>\n<meta property=\"og:site_name\" content=\"CABOMETYX\u00ae\" \/>\n<meta property=\"article:modified_time\" content=\"2025-11-20T13:48:38+00:00\" \/>\n<meta name=\"twitter:card\" content=\"summary_large_image\" \/>\n<meta name=\"twitter:label1\" content=\"Dur\u00e9e de lecture estim\u00e9e\" \/>\n\t<meta name=\"twitter:data1\" content=\"7 minutes\" \/>\n<script type=\"application\/ld+json\" class=\"yoast-schema-graph\">{\"@context\":\"https:\/\/schema.org\",\"@graph\":[{\"@type\":\"WebPage\",\"@id\":\"https:\/\/www.cabometyxcanada.ca\/fr\/privacy-policy\/\",\"url\":\"https:\/\/www.cabometyxcanada.ca\/fr\/privacy-policy\/\",\"name\":\"Politique de confidentialit\u00e9 | CABOMETYX\u00ae\",\"isPartOf\":{\"@id\":\"https:\/\/www.cabometyxcanada.ca\/fr\/#website\"},\"datePublished\":\"2022-01-10T20:05:26+00:00\",\"dateModified\":\"2025-11-20T13:48:38+00:00\",\"breadcrumb\":{\"@id\":\"https:\/\/www.cabometyxcanada.ca\/fr\/privacy-policy\/#breadcrumb\"},\"inLanguage\":\"fr-FR\",\"potentialAction\":[{\"@type\":\"ReadAction\",\"target\":[\"https:\/\/www.cabometyxcanada.ca\/fr\/privacy-policy\/\"]}]},{\"@type\":\"BreadcrumbList\",\"@id\":\"https:\/\/www.cabometyxcanada.ca\/fr\/privacy-policy\/#breadcrumb\",\"itemListElement\":[{\"@type\":\"ListItem\",\"position\":1,\"name\":\"Home\",\"item\":\"https:\/\/www.cabometyxcanada.ca\/fr\/home\/\"},{\"@type\":\"ListItem\",\"position\":2,\"name\":\"Politique de confidentialit\u00e9\"}]},{\"@type\":\"WebSite\",\"@id\":\"https:\/\/www.cabometyxcanada.ca\/fr\/#website\",\"url\":\"https:\/\/www.cabometyxcanada.ca\/fr\/\",\"name\":\"CABOMETYX\u00ae\",\"description\":\"\",\"potentialAction\":[{\"@type\":\"SearchAction\",\"target\":{\"@type\":\"EntryPoint\",\"urlTemplate\":\"https:\/\/www.cabometyxcanada.ca\/fr\/?s={search_term_string}\"},\"query-input\":{\"@type\":\"PropertyValueSpecification\",\"valueRequired\":true,\"valueName\":\"search_term_string\"}}],\"inLanguage\":\"fr-FR\"}]}<\/script>\n<!-- \/ Yoast SEO Premium plugin. -->","yoast_head_json":{"title":"Politique de confidentialit\u00e9 | CABOMETYX\u00ae","robots":{"index":"index","follow":"follow","max-snippet":"max-snippet:-1","max-image-preview":"max-image-preview:large","max-video-preview":"max-video-preview:-1"},"canonical":"https:\/\/www.cabometyxcanada.ca\/fr\/privacy-policy\/","og_locale":"fr_FR","og_type":"article","og_title":"Politique de confidentialit\u00e9","og_description":"Ipsen Biopharmaceuticals Canada Inc. et ses soci\u00e9t\u00e9s affili\u00e9es (ci-apr\u00e8s, collectivement, \u00ab\u00a0Ipsen\u00a0\u00bb ou \u00ab\u00a0nous\u00a0\u00bb) attachent une grande importance \u00e0 la protection de tout renseignement personnel que vous pourriez nous fournir. La pr\u00e9sente politique sur la protection des renseignements personnels d\u00e9crit les fa\u00e7ons dont les renseignements personnels concernant les individus (les \u00ab\u00a0utilisateurs\u00a0\u00bb) qui utilisent ce site Web [&hellip;]","og_url":"https:\/\/www.cabometyxcanada.ca\/fr\/privacy-policy\/","og_site_name":"CABOMETYX\u00ae","article_modified_time":"2025-11-20T13:48:38+00:00","twitter_card":"summary_large_image","twitter_misc":{"Dur\u00e9e de lecture estim\u00e9e":"7 minutes"},"schema":{"@context":"https:\/\/schema.org","@graph":[{"@type":"WebPage","@id":"https:\/\/www.cabometyxcanada.ca\/fr\/privacy-policy\/","url":"https:\/\/www.cabometyxcanada.ca\/fr\/privacy-policy\/","name":"Politique de confidentialit\u00e9 | CABOMETYX\u00ae","isPartOf":{"@id":"https:\/\/www.cabometyxcanada.ca\/fr\/#website"},"datePublished":"2022-01-10T20:05:26+00:00","dateModified":"2025-11-20T13:48:38+00:00","breadcrumb":{"@id":"https:\/\/www.cabometyxcanada.ca\/fr\/privacy-policy\/#breadcrumb"},"inLanguage":"fr-FR","potentialAction":[{"@type":"ReadAction","target":["https:\/\/www.cabometyxcanada.ca\/fr\/privacy-policy\/"]}]},{"@type":"BreadcrumbList","@id":"https:\/\/www.cabometyxcanada.ca\/fr\/privacy-policy\/#breadcrumb","itemListElement":[{"@type":"ListItem","position":1,"name":"Home","item":"https:\/\/www.cabometyxcanada.ca\/fr\/home\/"},{"@type":"ListItem","position":2,"name":"Politique de confidentialit\u00e9"}]},{"@type":"WebSite","@id":"https:\/\/www.cabometyxcanada.ca\/fr\/#website","url":"https:\/\/www.cabometyxcanada.ca\/fr\/","name":"CABOMETYX\u00ae","description":"","potentialAction":[{"@type":"SearchAction","target":{"@type":"EntryPoint","urlTemplate":"https:\/\/www.cabometyxcanada.ca\/fr\/?s={search_term_string}"},"query-input":{"@type":"PropertyValueSpecification","valueRequired":true,"valueName":"search_term_string"}}],"inLanguage":"fr-FR"}]}},"_links":{"self":[{"href":"https:\/\/www.cabometyxcanada.ca\/fr\/wp-json\/wp\/v2\/pages\/709","targetHints":{"allow":["GET"]}}],"collection":[{"href":"https:\/\/www.cabometyxcanada.ca\/fr\/wp-json\/wp\/v2\/pages"}],"about":[{"href":"https:\/\/www.cabometyxcanada.ca\/fr\/wp-json\/wp\/v2\/types\/page"}],"author":[{"embeddable":true,"href":"https:\/\/www.cabometyxcanada.ca\/fr\/wp-json\/wp\/v2\/users\/1"}],"replies":[{"embeddable":true,"href":"https:\/\/www.cabometyxcanada.ca\/fr\/wp-json\/wp\/v2\/comments?post=709"}],"version-history":[{"count":2,"href":"https:\/\/www.cabometyxcanada.ca\/fr\/wp-json\/wp\/v2\/pages\/709\/revisions"}],"predecessor-version":[{"id":932,"href":"https:\/\/www.cabometyxcanada.ca\/fr\/wp-json\/wp\/v2\/pages\/709\/revisions\/932"}],"wp:attachment":[{"href":"https:\/\/www.cabometyxcanada.ca\/fr\/wp-json\/wp\/v2\/media?parent=709"}],"curies":[{"name":"wp","href":"https:\/\/api.w.org\/{rel}","templated":true}]}}